{"id":388,"date":"2013-12-02T05:50:20","date_gmt":"2013-12-02T05:50:20","guid":{"rendered":"http:\/\/localhost\/wp-faculty\/?page_id=2"},"modified":"2023-11-27T21:19:53","modified_gmt":"2023-11-27T20:19:53","slug":"home","status":"publish","type":"page","link":"https:\/\/anitamakowska.ue.wroc.pl\/","title":{"rendered":"Home"},"content":{"rendered":"<p>[vc_row][vc_column width=&#8221;2\/12&#8243;][\/vc_column][vc_column width=&#8221;10\/12&#8243;][vc_title title=&#8221;Biogram&#8221; title_align=&#8221;text-left&#8221;][vc_column_text]Doktor nauk ekonomicznych w dyscyplinie finanse (Uniwersytet Ekonomiczny we Wroc\u0142awiu). Absolwentka Uniwersytetu Ekonomicznego we Wroc\u0142awiu na kierunku \u201eFinanse i bankowo\u015b\u0107\u201d, specjalno\u015b\u0107 <em>nieruchomo\u015bci\u00a0<\/em>z tytu\u0142em magistra\u00a0oraz Politechniki Wroc\u0142awskiej\u00a0na kierunku \u201eZarz\u0105dzanie i marketing\u201d, specjalno\u015b\u0107\u00a0<em>zarz\u0105dzanie przedsi\u0119biorstwem\u00a0<\/em>z tytu\u0142em magistra in\u017cyniera. Sekretarz Komitetu Statystyki i Ekonometrii Polskiej Akademii Nauk. Redaktor\u00a0czasopisma naukowego Argumenta Oeconomica. Cz\u0142onek komitetu redakcyjnego czasopisma \u015awiat Nieruchomo\u015bci (<em>World of Real Estate Journal)<\/em>.<\/p>\n<p>W\u0142a\u015bcicielka biura analiz rynku nieruchomo\u015bci Manna oraz sta\u0142a wsp\u00f3\u0142pracowniczka kancelarii rzeczoznawc\u00f3w maj\u0105tkowych iCCS Sp. z o.o.<\/p>\n<p>Autorka wielu publikacji naukowych z dziedziny nieruchomo\u015bci i rynku nieruchomo\u015bci. Wsp\u00f3\u0142pracowa\u0142a z licznymi firmami prowadz\u0105c szkolenia i przygotowuj\u0105c analizy rynku. Od dziesi\u0119ciu lat wyk\u0142adowca akademicki na Uniwersytecie Ekonomicznym we Wroc\u0142awiu, takich przedmiot\u00f3w jak m.in. inwestowanie na rynku nieruchomo\u015bci, instrumenty na rynku nieruchomo\u015bci, finanse, risk management in financial markets, real estate market, zaawansowane zagadnienia wyceny, us\u0142ugi finansowe dla przedsi\u0119biorstw, financial mathematics.<\/p>\n<p>Prywatnie mama uroczej Urszulki i mi\u0142o\u015bniczka czekolady.[\/vc_column_text][\/vc_column][\/vc_row][vc_row bg_color=&#8221;#fcfcfc&#8221;][vc_column width=&#8221;1\/12&#8243;][\/vc_column][vc_column width=&#8221;5\/12&#8243;][vc_title title=&#8221;Przebieg kariery&#8221; title_tag=&#8221;title_h3&#8243;][vc_position][vc_position_single pos_title=&#8221;Starsza analityczka biznesu&#8221; pos_start=&#8221;2019&#8243; pos_end=&#8221;Obecnie&#8221;]Archicom S.A.[\/vc_position_single][vc_position_single pos_title=&#8221;Adiunktka&#8221; pos_start=&#8221;2016&#8243; pos_end=&#8221;Obecnie&#8221;]Uniwersytet Ekonomiczny we Wroc\u0142awiu[\/vc_position_single][vc_position_single pos_title=&#8221;Redaktorka Argumenta Oeconomica&#8221; pos_start=&#8221;2016&#8243; pos_end=&#8221;Obecnie&#8221;]Uniwersytet Ekonomiczny we Wroc\u0142awiu[\/vc_position_single][vc_position_single pos_title=&#8221;Pani Sekretarz, Polska Akademia Nauk&#8221; pos_start=&#8221;2016&#8243; pos_end=&#8221;2023&#8243;]Komitet Statystyki i Ekonometrii PAN[\/vc_position_single][vc_position_single pos_loc=&#8221;iCCS Sp. z o.o.&#8221; pos_title=&#8221;Wsp\u00f3\u0142pracowniczka, Analityczka&#8221; pos_start=&#8221;2015&#8243; pos_end=&#8221;Obecnie&#8221;][\/vc_position_single][vc_position_single pos_title=&#8221;Web-Managerka&#8221; pos_start=&#8221;2018&#8243; pos_end=&#8221;2021&#8243;]EurHisFirm[\/vc_position_single][vc_position_single pos_loc=&#8221;Manna, Anita Makowska &#8211; biuro analiz rynku nieruchomo\u015bci&#8221; pos_title=&#8221;W\u0142a\u015bcicielka&#8221; pos_start=&#8221;2015&#8243; pos_end=&#8221;2020&#8243;][\/vc_position_single][\/vc_position][\/vc_column][vc_column width=&#8221;5\/12&#8243;][vc_title title=&#8221;Edukacja&#8221; title_tag=&#8221;title_h3&#8243;][vc_education][vc_education_single edu_title=&#8221;Doktorat w dyscyplinie finanse&#8221; edu_loc=&#8221;Uniwersytet Ekonomiczny we Wroc\u0142awiu&#8221; edu_level=&#8221;Dr&#8221; edu_year=&#8221;2016&#8243;][vc_education_single edu_title=&#8221;Zarz\u0105dzanie i marketing, zarz\u0105dzanie przedsi\u0119biorstwem&#8221; edu_loc=&#8221;Politechnika Wroc\u0142awska&#8221; edu_level=&#8221;Mgr in\u017c.&#8221; edu_year=&#8221;2009&#8243;][vc_education_single edu_title=&#8221;Finanse i bankowo\u015b\u0107, nieruchomo\u015bci&#8221; edu_loc=&#8221;Uniwersytet Ekonomiczny we Wroc\u0142awiu&#8221; edu_level=&#8221;Mgr&#8221; edu_year=&#8221;2008&#8243;][\/vc_education][vc_title title=&#8221;Szkolenia&#8221; title_tag=&#8221;title_h3&#8243;][vc_education][vc_education_single edu_title=&#8221;Ekonometria przestrzenna&#8221; edu_loc=&#8221;Uniwersytet Ekonomiczny we Wroc\u0142awiu&#8221; edu_year=&#8221;05-06 IX 2019&#8243;][\/vc_education][vc_education][vc_education_single edu_title=&#8221;ArcGIS Pro: Efektywne wykorzystywanie narz\u0119dzi GIS&#8221; edu_loc=&#8221;Esri Polska sp. z o.o.&#8221; edu_year=&#8221;02-04 IX 2019&#8243;][\/vc_education][\/vc_column][vc_column width=&#8221;1\/12&#8243;][\/vc_column][\/vc_row][vc_row bg_color=&#8221;#f7f7f7&#8243;][vc_column width=&#8221;1\/12&#8243;][\/vc_column][vc_column width=&#8221;5\/6&#8243;][vc_title title=&#8221;Nagrody i granty&#8221; title_tag=&#8221;title_h2&#8243;][vc_award][vc_award_single award_image=&#8221;531&#8243; class=&#8221;&#8222;alignleft&#8221; alt=&#8221;&#8222;3378521550_6d71d59d0f_o&#8222;&#8221; src=&#8221;&#8222;http:\/\/anitamakowska.ue.wroc.pl\/wp-content\/uploads\/2014\/01\/3378521550_6d71d59d0f_o.jpg&#8222;&#8221; width=&#8221;&#8222;97&#8222;&#8221; height=&#8221;&#8222;121&#8222;&#8221; award_title=&#8221;Young Researcher Grant, Interekon&#8221; award_date=&#8221;2019&#8243;]Tytu\u0142 projektu: <strong>Dochodowo\u015b\u0107 nieruchomo\u015bci w czasie i przestrzeni <\/strong><\/p>\n<p>Cele naukowe projektu:<\/p>\n<ul>\n<li>Ocena wp\u0142ywu czynnik\u00f3w niemierzalnych na dochodowo\u015b\u0107 nieruchomo\u015bci mieszkaniowych (m. in. sentymentu);<\/li>\n<li>Wskazanie zale\u017cno\u015bci pomi\u0119dzy czynnikami charakteryzuj\u0105cymi nieruchomo\u015b\u0107 mieszkaniow\u0105, a jej dochodowo\u015bci\u0105 w czasie i w przestrzeni;<\/li>\n<li>Pr\u00f3ba stworzenia modeli inwestowania na rynku nieruchomo\u015bci mieszkaniowych (portfela inwestycyjnego);<\/li>\n<li>Analiza modeli inwestowania na rynku nieruchomo\u015bci mieszkaniowych w r\u00f3\u017cnych cyklach koniunkturalnych;<\/li>\n<li>Okre\u015blenie metod zarz\u0105dzania warto\u015bci\u0105 nieruchomo\u015bci mieszkaniowych.<\/li>\n<\/ul>\n<p>[\/vc_award_single][vc_award_single award_image=&#8221;533&#8243; class=&#8221;&#8222;alignleft&#8221; alt=&#8221;&#8222;3378521550_6d71d59d0f_o&#8222;&#8221; src=&#8221;&#8222;http:\/\/anitamakowska.ue.wroc.pl\/wp-content\/uploads\/2014\/01\/3378521550_6d71d59d0f_o.jpg&#8222;&#8221; width=&#8221;&#8222;97&#8222;&#8221; height=&#8221;&#8222;121&#8222;&#8221; award_title=&#8221;Wyr\u00f3\u017cnienie rozprawy doktorskiej&#8221; award_date=&#8221;2016&#8243;]Tytu\u0142 pracy: <strong>Pomiar podobie\u0144stwa w procesie ustalania warto\u015bci rynkowej lokali mieszkalnych<\/strong>[\/vc_award_single][\/vc_award][vc_award][vc_award_single award_image=&#8221;532&#8243; class=&#8221;&#8222;alignleft&#8221; alt=&#8221;&#8222;3378521550_6d71d59d0f_o&#8222;&#8221; src=&#8221;&#8222;http:\/\/anitamakowska.ue.wroc.pl\/wp-content\/uploads\/2014\/01\/3378521550_6d71d59d0f_o.jpg&#8222;&#8221; width=&#8221;&#8222;97&#8222;&#8221; height=&#8221;&#8222;121&#8222;&#8221; award_title=&#8221;Wyr\u00f3\u017cnienie w konkursie im. Wincentego Stysia na najlepsz\u0105 prac\u0119 magistersk\u0105 z zakresu nauk ekonomicznych&#8221; award_date=&#8221;2010&#8243;]Tytu\u0142 pracy: <strong>Kultura narodowa a kultura organizacyjna przedsi\u0119biorstwa<\/strong>[\/vc_award_single][\/vc_award][\/vc_column][vc_column width=&#8221;1\/12&#8243;][\/vc_column][\/vc_row]<\/p>\n","protected":false},"excerpt":{"rendered":"<p>[vc_row][vc_column width=&#8221;2\/12&#8243;][\/vc_column][vc_column width=&#8221;10\/12&#8243;][vc_title title=&#8221;Biogram&#8221; title_align=&#8221;text-left&#8221;][vc_column_text]Doktor nauk ekonomicznych w dyscyplinie finanse (Uniwersytet Ekonomiczny we Wroc\u0142awiu). Absolwentka Uniwersytetu Ekonomicznego we Wroc\u0142awiu na [&hellip;]<\/p>\n","protected":false},"author":1,"featured_media":0,"parent":0,"menu_order":0,"comment_status":"open","ping_status":"closed","template":"page-pagebuilder.php","meta":{"footnotes":""},"class_list":["post-388","page","type-page","status-publish","hentry"],"_links":{"self":[{"href":"https:\/\/anitamakowska.ue.wroc.pl\/index.php?rest_route=\/wp\/v2\/pages\/388","targetHints":{"allow":["GET"]}}],"collection":[{"href":"https:\/\/anitamakowska.ue.wroc.pl\/index.php?rest_route=\/wp\/v2\/pages"}],"about":[{"href":"https:\/\/anitamakowska.ue.wroc.pl\/index.php?rest_route=\/wp\/v2\/types\/page"}],"author":[{"embeddable":true,"href":"https:\/\/anitamakowska.ue.wroc.pl\/index.php?rest_route=\/wp\/v2\/users\/1"}],"replies":[{"embeddable":true,"href":"https:\/\/anitamakowska.ue.wroc.pl\/index.php?rest_route=%2Fwp%2Fv2%2Fcomments&post=388"}],"version-history":[{"count":20,"href":"https:\/\/anitamakowska.ue.wroc.pl\/index.php?rest_route=\/wp\/v2\/pages\/388\/revisions"}],"predecessor-version":[{"id":836,"href":"https:\/\/anitamakowska.ue.wroc.pl\/index.php?rest_route=\/wp\/v2\/pages\/388\/revisions\/836"}],"wp:attachment":[{"href":"https:\/\/anitamakowska.ue.wroc.pl\/index.php?rest_route=%2Fwp%2Fv2%2Fmedia&parent=388"}],"curies":[{"name":"wp","href":"https:\/\/api.w.org\/{rel}","templated":true}]}}