{"id":32,"date":"2013-12-03T22:42:52","date_gmt":"2013-12-03T22:42:52","guid":{"rendered":"http:\/\/localhost\/wp-faculty\/?page_id=32"},"modified":"2019-10-06T17:29:29","modified_gmt":"2019-10-06T15:29:29","slug":"badania","status":"publish","type":"page","link":"https:\/\/anitamakowska.ue.wroc.pl\/?page_id=32","title":{"rendered":"Badania\/Research"},"content":{"rendered":"<p>[vc_row][vc_column][vc_title title=&#8221;Badania&#8221; title_align=&#8221;text-left&#8221;][vc_row_inner][vc_column_inner width=&#8221;2\/3&#8243;][vc_column_text]Zgodnie z danymi Izby Zarz\u0105dzaj\u0105cej Funduszami i Aktywami, ponad 51% Polak\u00f3w uwa\u017ca nieruchomo\u015bci za najlepsz\u0105 lokat\u0119 kapita\u0142u[1]. Zakupuj\u0105c nieruchomo\u015b\u0107, coraz cz\u0119\u015bciej bierzemy pod uwag\u0119 oba cele \u2013 mieszkaniowy i w przysz\u0142o\u015bci inwestycyjny (na przyk\u0142ad przy zmianie lokalu na wi\u0119kszy lub zmianie miejsca zamieszkania), b\u0105d\u017a wy\u0142\u0105cznie cel inwestycyjny. Tym samym znaczenia nabiera dochodowa warto\u015b\u0107 nieruchomo\u015bci mieszkaniowych, w tym zarz\u0105dzanie warto\u015bci\u0105 lokali mieszkalnych.<\/p>\n<p>Moje zainteresowania wi\u0105\u017c\u0105 si\u0119 przede wszystkim z dochodowo\u015bci\u0105 nieruchomo\u015bci w kontek\u015bcie r\u00f3\u017cnych mo\u017cliwo\u015bci inwestycyjnych. Wi\u0105\u017c\u0119 tu wiedz\u0119 teoretyczn\u0105 z praktyk\u0105, jako aktywny inwestor tego rynku i ekspert w dziedzinie analizy nieruchomo\u015bci mieszkaniowych we Wroc\u0142awiu.<\/p>\n<p><a href=\"#_ftnref1\" name=\"_ftn1\">[1]<\/a> <a href=\"https:\/\/www.analizy.pl\/fundusze\/wiadomosci\/21882\/alternatywne-inwestycje-w-nieruchomosci-pozwalaja-zarobic.html\">https:\/\/www.analizy.pl\/fundusze\/wiadomosci\/21882\/alternatywne-inwestycje-w-nieruchomosci-pozwalaja-zarobic.html<\/a>; odczyt z dnia 21 marca 2019[\/vc_column_text][\/vc_column_inner][vc_column_inner width=&#8221;1\/3&#8243;][vc_title title=&#8221;Zainteresowania&#8221; title_tag=&#8221;title_h3&#8243;][vc_interest][vc_interest_single interest_title=&#8221;Inwestycje na rynku nieruchomo\u015bci&#8221;][\/vc_interest_single][vc_interest_single interest_title=&#8221;Wycena nieruchomo\u015bci&#8221;][\/vc_interest_single][vc_interest_single interest_title=&#8221;Finansowanie nieruchomo\u015bci&#8221;][\/vc_interest_single][vc_interest_single interest_title=&#8221;Inwestycje alternatywne&#8221;][\/vc_interest_single][vc_interest_single interest_title=&#8221;J\u0119zyki programowania&#8221;][\/vc_interest_single][vc_interest_single interest_title=&#8221;Metody taksonomiczne&#8221;][\/vc_interest_single][\/vc_interest][\/vc_column_inner][\/vc_row_inner][\/vc_column][\/vc_row][vc_row bg_color=&#8221;#f7f7f7&#8243;][vc_column][vc_title title=&#8221;Projekty naukowe i zawodowe&#8221; title_tag=&#8221;title_h2&#8243;][vc_project][vc_project_single project_image=&#8221;575&#8243; project_full_description=&#8221;Lorem ipsum dolor sit amet, consectetur adipisicing elit, sed do eiusmod tempor incididunt ut labore et dolore magna aliqua. Ut enim ad minim veniam, quis nostrud exercitation ullamco laboris nisi ut aliquip ex ea commodo consequat. Duis aute irure dolor in reprehenderit in voluptate velit esse cillum dolore eu fugiat nulla pariatur. Excepteur sint occaecat cupidatat non proident, sunt in culpa qui officia deserunt mollit anim id est laborum.<\/p>\n<p>Lorem ipsum dolor sit amet, consectetur adipisicing elit, sed do eiusmod tempor incididunt ut labore et dolore magna aliqua. Ut enim ad minim veniam, quis nostrud exercitation ullamco laboris nisi ut aliquip ex ea commodo consequat. Duis aute irure dolor in reprehenderit in voluptate velit esse cillum dolore eu fugiat nulla pariatur. Excepteur sint occaecat cupidatat non proident, sunt in culpa qui officia deserunt mollit anim id est laborum.<\/p>\n<p>Lorem ipsum dolor sit amet, consectetur adipisicing elit, sed do eiusmod tempor incididunt ut labore et dolore magna aliqua. Ut enim ad minim veniam, quis nostrud exercitation ullamco laboris nisi ut aliquip ex ea commodo consequat. Duis aute irure dolor in reprehenderit in voluptate velit esse cillum dolore eu fugiat nulla pariatur. Excepteur sint occaecat cupidatat non proident, sunt in culpa qui officia deserunt mollit anim id est laborum.&#8221; project_title=&#8221;Konferencja &#8222;Kondycja i kierunki rozwoju wroc\u0142awskiego rynku mieszkaniowego&#8222;, Wroc\u0142aw, 12 czerwca 2019&#8243; project_short_description=&#8221;W niecierpliwym oczekiwaniu na kryzys, czyli czy na wroc\u0142awskich nieruchomo\u015bciach mieszkaniowych mo\u017cna dzi\u015b jeszcze zarobi\u0107?&#8221;]Om\u00f3wienie najnowszych trend\u00f3w na wroc\u0142awskim rynku mieszkaniowym (czerwiec 2019).<\/p>\n<p>Konferencja organizowana przy wsp\u00f3\u0142udziale Narodowego Banku Polskiego i Uniwersytetu Ekonomicznego we Wroc\u0142awiu.<\/p>\n<p><a href=\"https:\/\/iccs.pl\/wp-content\/uploads\/2019\/06\/W-niecierpliwym-oczekiwaniu-na-kryzys.pdf\">Prezentacja<\/a>[\/vc_project_single][vc_project_single project_image=&#8221;565&#8243; project_full_description=&#8221;Lorem ipsum dolor sit amet, consectetur adipisicing elit, sed do eiusmod tempor incididunt ut labore et dolore magna aliqua. Ut enim ad minim veniam, quis nostrud exercitation ullamco laboris nisi ut aliquip ex ea commodo consequat. Duis aute irure dolor in reprehenderit in voluptate velit esse cillum dolore eu fugiat nulla pariatur. Excepteur sint occaecat cupidatat non proident, sunt in culpa qui officia deserunt mollit anim id est laborum.<\/p>\n<p>Lorem ipsum dolor sit amet, consectetur adipisicing elit, sed do eiusmod tempor incididunt ut labore et dolore magna aliqua. Ut enim ad minim veniam, quis nostrud exercitation ullamco laboris nisi ut aliquip ex ea commodo consequat. Duis aute irure dolor in reprehenderit in voluptate velit esse cillum dolore eu fugiat nulla pariatur. Excepteur sint occaecat cupidatat non proident, sunt in culpa qui officia deserunt mollit anim id est laborum.<\/p>\n<p>Lorem ipsum dolor sit amet, consectetur adipisicing elit, sed do eiusmod tempor incididunt ut labore et dolore magna aliqua. Ut enim ad minim veniam, quis nostrud exercitation ullamco laboris nisi ut aliquip ex ea commodo consequat. Duis aute irure dolor in reprehenderit in voluptate velit esse cillum dolore eu fugiat nulla pariatur. Excepteur sint occaecat cupidatat non proident, sunt in culpa qui officia deserunt mollit anim id est laborum.&#8221; project_title=&#8221;Pu\u0142askiego&#8221; project_short_description=&#8221;Inwestycja zbiorowa&#8221;]Projekt inwestycyjny zakupu 10 mieszka\u0144 w procesie grupowego inwestowania.[\/vc_project_single][vc_project_single project_image=&#8221;567&#8243; project_full_description=&#8221;Lorem ipsum dolor sit amet, consectetur adipisicing elit, sed do eiusmod tempor incididunt ut labore et dolore magna aliqua. Ut enim ad minim veniam, quis nostrud exercitation ullamco laboris nisi ut aliquip ex ea commodo consequat. Duis aute irure dolor in reprehenderit in voluptate velit esse cillum dolore eu fugiat nulla pariatur. Excepteur sint occaecat cupidatat non proident, sunt in culpa qui officia deserunt mollit anim id est laborum.<\/p>\n<p>Lorem ipsum dolor sit amet, consectetur adipisicing elit, sed do eiusmod tempor incididunt ut labore et dolore magna aliqua. Ut enim ad minim veniam, quis nostrud exercitation ullamco laboris nisi ut aliquip ex ea commodo consequat. Duis aute irure dolor in reprehenderit in voluptate velit esse cillum dolore eu fugiat nulla pariatur. Excepteur sint occaecat cupidatat non proident, sunt in culpa qui officia deserunt mollit anim id est laborum.<\/p>\n<p>Lorem ipsum dolor sit amet, consectetur adipisicing elit, sed do eiusmod tempor incididunt ut labore et dolore magna aliqua. Ut enim ad minim veniam, quis nostrud exercitation ullamco laboris nisi ut aliquip ex ea commodo consequat. Duis aute irure dolor in reprehenderit in voluptate velit esse cillum dolore eu fugiat nulla pariatur. Excepteur sint occaecat cupidatat non proident, sunt in culpa qui officia deserunt mollit anim id est laborum.&#8221; project_title=&#8221;Wi\u015bniowa&#8221; project_short_description=&#8221;Projekt indywidualny&#8221;]Zakup i wyko\u0144czenie w celach inwestycyjnych (najem).[\/vc_project_single][vc_project_single project_image=&#8221;570&#8243; project_full_description=&#8221;Lorem ipsum dolor sit amet, consectetur adipisicing elit, sed do eiusmod tempor incididunt ut labore et dolore magna aliqua. Ut enim ad minim veniam, quis nostrud exercitation ullamco laboris nisi ut aliquip ex ea commodo consequat. Duis aute irure dolor in reprehenderit in voluptate velit esse cillum dolore eu fugiat nulla pariatur. Excepteur sint occaecat cupidatat non proident, sunt in culpa qui officia deserunt mollit anim id est laborum.<\/p>\n<p>Lorem ipsum dolor sit amet, consectetur adipisicing elit, sed do eiusmod tempor incididunt ut labore et dolore magna aliqua. Ut enim ad minim veniam, quis nostrud exercitation ullamco laboris nisi ut aliquip ex ea commodo consequat. Duis aute irure dolor in reprehenderit in voluptate velit esse cillum dolore eu fugiat nulla pariatur. Excepteur sint occaecat cupidatat non proident, sunt in culpa qui officia deserunt mollit anim id est laborum.<\/p>\n<p>Lorem ipsum dolor sit amet, consectetur adipisicing elit, sed do eiusmod tempor incididunt ut labore et dolore magna aliqua. Ut enim ad minim veniam, quis nostrud exercitation ullamco laboris nisi ut aliquip ex ea commodo consequat. Duis aute irure dolor in reprehenderit in voluptate velit esse cillum dolore eu fugiat nulla pariatur. Excepteur sint occaecat cupidatat non proident, sunt in culpa qui officia deserunt mollit anim id est laborum.&#8221; project_title=&#8221;Ruska&#8221; project_short_description=&#8221;Projekt indywidualny&#8221;]Wyko\u0144czenie mieszkania w celach inwestycyjnych (najem).[\/vc_project_single][vc_project_single project_image=&#8221;571&#8243; project_full_description=&#8221;Lorem ipsum dolor sit amet, consectetur adipisicing elit, sed do eiusmod tempor incididunt ut labore et dolore magna aliqua. Ut enim ad minim veniam, quis nostrud exercitation ullamco laboris nisi ut aliquip ex ea commodo consequat. Duis aute irure dolor in reprehenderit in voluptate velit esse cillum dolore eu fugiat nulla pariatur. Excepteur sint occaecat cupidatat non proident, sunt in culpa qui officia deserunt mollit anim id est laborum.<\/p>\n<p>Lorem ipsum dolor sit amet, consectetur adipisicing elit, sed do eiusmod tempor incididunt ut labore et dolore magna aliqua. Ut enim ad minim veniam, quis nostrud exercitation ullamco laboris nisi ut aliquip ex ea commodo consequat. Duis aute irure dolor in reprehenderit in voluptate velit esse cillum dolore eu fugiat nulla pariatur. Excepteur sint occaecat cupidatat non proident, sunt in culpa qui officia deserunt mollit anim id est laborum.<\/p>\n<p>Lorem ipsum dolor sit amet, consectetur adipisicing elit, sed do eiusmod tempor incididunt ut labore et dolore magna aliqua. Ut enim ad minim veniam, quis nostrud exercitation ullamco laboris nisi ut aliquip ex ea commodo consequat. Duis aute irure dolor in reprehenderit in voluptate velit esse cillum dolore eu fugiat nulla pariatur. Excepteur sint occaecat cupidatat non proident, sunt in culpa qui officia deserunt mollit anim id est laborum.&#8221; project_title=&#8221;Weso\u0142a&#8221; project_short_description=&#8221;Projekt indywidualny&#8221;]Wyko\u0144czenie mieszkania w celach inwestycyjnych (najem).[\/vc_project_single][vc_project_single project_image=&#8221;572&#8243; project_full_description=&#8221;Lorem ipsum dolor sit amet, consectetur adipisicing elit, sed do eiusmod tempor incididunt ut labore et dolore magna aliqua. Ut enim ad minim veniam, quis nostrud exercitation ullamco laboris nisi ut aliquip ex ea commodo consequat. Duis aute irure dolor in reprehenderit in voluptate velit esse cillum dolore eu fugiat nulla pariatur. Excepteur sint occaecat cupidatat non proident, sunt in culpa qui officia deserunt mollit anim id est laborum.<\/p>\n<p>Lorem ipsum dolor sit amet, consectetur adipisicing elit, sed do eiusmod tempor incididunt ut labore et dolore magna aliqua. Ut enim ad minim veniam, quis nostrud exercitation ullamco laboris nisi ut aliquip ex ea commodo consequat. Duis aute irure dolor in reprehenderit in voluptate velit esse cillum dolore eu fugiat nulla pariatur. Excepteur sint occaecat cupidatat non proident, sunt in culpa qui officia deserunt mollit anim id est laborum.<\/p>\n<p>Lorem ipsum dolor sit amet, consectetur adipisicing elit, sed do eiusmod tempor incididunt ut labore et dolore magna aliqua. Ut enim ad minim veniam, quis nostrud exercitation ullamco laboris nisi ut aliquip ex ea commodo consequat. Duis aute irure dolor in reprehenderit in voluptate velit esse cillum dolore eu fugiat nulla pariatur. Excepteur sint occaecat cupidatat non proident, sunt in culpa qui officia deserunt mollit anim id est laborum.&#8221; project_title=&#8221;Wa\u0144kowicza&#8221; project_short_description=&#8221;Projekt indywidualny&#8221;]Home staging. Wyko\u0144czenie mieszkania w celach inwestycyjnych (najem).[\/vc_project_single][\/vc_project][\/vc_column][\/vc_row]<\/p>\n","protected":false},"excerpt":{"rendered":"<p>[vc_row][vc_column][vc_title title=&#8221;Badania&#8221; title_align=&#8221;text-left&#8221;][vc_row_inner][vc_column_inner width=&#8221;2\/3&#8243;][vc_column_text]Zgodnie z danymi Izby Zarz\u0105dzaj\u0105cej Funduszami i Aktywami, ponad 51% Polak\u00f3w uwa\u017ca nieruchomo\u015bci za najlepsz\u0105 lokat\u0119 kapita\u0142u[1]. [&hellip;]<\/p>\n","protected":false},"author":1,"featured_media":0,"parent":0,"menu_order":1,"comment_status":"open","ping_status":"closed","template":"page-pagebuilder.php","meta":{"footnotes":""},"class_list":["post-32","page","type-page","status-publish","hentry"],"_links":{"self":[{"href":"https:\/\/anitamakowska.ue.wroc.pl\/index.php?rest_route=\/wp\/v2\/pages\/32","targetHints":{"allow":["GET"]}}],"collection":[{"href":"https:\/\/anitamakowska.ue.wroc.pl\/index.php?rest_route=\/wp\/v2\/pages"}],"about":[{"href":"https:\/\/anitamakowska.ue.wroc.pl\/index.php?rest_route=\/wp\/v2\/types\/page"}],"author":[{"embeddable":true,"href":"https:\/\/anitamakowska.ue.wroc.pl\/index.php?rest_route=\/wp\/v2\/users\/1"}],"replies":[{"embeddable":true,"href":"https:\/\/anitamakowska.ue.wroc.pl\/index.php?rest_route=%2Fwp%2Fv2%2Fcomments&post=32"}],"version-history":[{"count":11,"href":"https:\/\/anitamakowska.ue.wroc.pl\/index.php?rest_route=\/wp\/v2\/pages\/32\/revisions"}],"predecessor-version":[{"id":641,"href":"https:\/\/anitamakowska.ue.wroc.pl\/index.php?rest_route=\/wp\/v2\/pages\/32\/revisions\/641"}],"wp:attachment":[{"href":"https:\/\/anitamakowska.ue.wroc.pl\/index.php?rest_route=%2Fwp%2Fv2%2Fmedia&parent=32"}],"curies":[{"name":"wp","href":"https:\/\/api.w.org\/{rel}","templated":true}]}}