{"id":25,"date":"2013-12-03T22:20:25","date_gmt":"2013-12-03T22:20:25","guid":{"rendered":"http:\/\/localhost\/wp-faculty\/?page_id=25"},"modified":"2020-03-28T00:22:20","modified_gmt":"2020-03-27T23:22:20","slug":"dydaktyka","status":"publish","type":"page","link":"https:\/\/anitamakowska.ue.wroc.pl\/?page_id=25","title":{"rendered":"Dydaktyka\/Didactics"},"content":{"rendered":"<p>[vc_row][vc_column][vc_title title=&#8221;Dydaktyka&#8221; title_align=&#8221;text-left&#8221;][vc_column_text]Prowadz\u0119 zaj\u0119cia na Uniwersytecie Ekonomicznym we Wroc\u0142awiu od 2008 roku. Zaj\u0119cia przeprowadzane s\u0105 zar\u00f3wno w trybie stacjonarnym jak i niestacjonarnym, w j\u0119zyku polskim i angielskim.[\/vc_column_text][\/vc_column][\/vc_row][vc_row][vc_column][vc_title title=&#8221;Studia stacjonarne i niestacjonarne&#8221; title_tag=&#8221;title_h2&#8243;][vc_position][vc_position_single pos_title=&#8221;Basics of Finance&#8221; pos_end=&#8221;Obecnie&#8221; pos_start=&#8221;2008&#8243;][\/vc_position_single][vc_position_single pos_title=&#8221;Rynki finansowe\/Financial Markets&#8221; pos_end=&#8221;Obecnie&#8221; pos_start=&#8221;2012&#8243; url=&#8221;url:http%3A%2F%2Fanitamakowska.ue.wroc.pl%2F%3Fpage_id%3D624|title:Financial%20Market||&#8221;][\/vc_position_single][vc_position_single pos_title=&#8221;Finanse\/Finance&#8221; pos_end=&#8221;Obecnie&#8221; pos_start=&#8221;2008&#8243;][\/vc_position_single][vc_position_single pos_title=&#8221;Matematyka finansowa\/Financial Mathematics&#8221; pos_end=&#8221;Obecnie&#8221; pos_start=&#8221;2016&#8243; url=&#8221;url:http%3A%2F%2Fanitamakowska.ue.wroc.pl%2F%3Fpage_id%3D767|||&#8221;][\/vc_position_single][vc_position_single pos_title=&#8221;Rynek nieruchomo\u015bci&#8221; pos_end=&#8221;Obecnie&#8221; pos_start=&#8221;2008&#8243; url=&#8221;url:http%3A%2F%2Fanitamakowska.ue.wroc.pl%2F%3Fpage_id%3D747|||&#8221;][\/vc_position_single][vc_position_single pos_title=&#8221;Real Estate Market&#8221; pos_end=&#8221;Obecnie&#8221; pos_start=&#8221;2008&#8243; url=&#8221;url:http%3A%2F%2Fanitamakowska.ue.wroc.pl%2F%3Fpage_id%3D752|||&#8221;][\/vc_position_single][vc_position_single pos_title=&#8221;Inwestowanie na rynku nieruchomo\u015bci&#8221; pos_end=&#8221;Obecnie&#8221; pos_start=&#8221;2008&#8243;][\/vc_position_single][vc_position_single pos_title=&#8221;Systemy finansowania rynku nieruchomo\u015bci&#8221; pos_end=&#8221;Obecnie&#8221; pos_start=&#8221;2019&#8243; url=&#8221;url:http%3A%2F%2Fanitamakowska.ue.wroc.pl%2F%3Fpage_id%3D760|||&#8221;][\/vc_position_single][vc_position_single pos_title=&#8221;Finanse mi\u0119dzynarodowe i mi\u0119dzynarodowe rynki finansowe&#8221; pos_end=&#8221;2019&#8243; pos_start=&#8221;2018&#8243;][\/vc_position_single][vc_position_single pos_title=&#8221;Analiza danych finansowych&#8221; pos_end=&#8221;2017&#8243; pos_start=&#8221;2016&#8243;][\/vc_position_single][vc_position_single pos_title=&#8221;Analiza instrument\u00f3w finansowych&#8221; pos_end=&#8221;2017&#8243; pos_start=&#8221;2016&#8243;][\/vc_position_single][vc_position_single pos_title=&#8221;Podstawy wyceny nieruchomo\u015bci&#8221; pos_end=&#8221;2017&#8243; pos_start=&#8221;2008&#8243;][\/vc_position_single][vc_position_single pos_title=&#8221;Wycena nieruchomo\u015bci&#8221; pos_end=&#8221;2017&#8243; pos_start=&#8221;2008&#8243;][\/vc_position_single][vc_position_single pos_title=&#8221;Zaawansowane zagadnienia wyceny&#8221; pos_end=&#8221;2017&#8243; pos_start=&#8221;2008&#8243;][\/vc_position_single][vc_position_single pos_title=&#8221;Po\u015brednictwo na rynku nieruchomo\u015bci&#8221; pos_end=&#8221;2017&#8243; pos_start=&#8221;2008&#8243;][\/vc_position_single][vc_position_single pos_title=&#8221;Administrowanie na rynku nieruchomo\u015bci&#8221; pos_end=&#8221;2017&#8243; pos_start=&#8221;2008&#8243;][\/vc_position_single][vc_position_single pos_title=&#8221;Instrumenty na rynku nieruchomo\u015bci&#8221; pos_end=&#8221;2017&#8243; pos_start=&#8221;2008&#8243;][\/vc_position_single][vc_position_single pos_title=&#8221;Us\u0142ugi finansowe dla przedsi\u0119biorstw&#8221; pos_end=&#8221;2017&#8243; pos_start=&#8221;2008&#8243;][\/vc_position_single][vc_position_single pos_title=&#8221;Portfel inwestycyjny&#8221; pos_end=&#8221;2013&#8243; pos_start=&#8221;2008&#8243;][\/vc_position_single][vc_position_single pos_title=&#8221;Zarz\u0105dzanie ryzykiem\/Risk Management in Financial Markets&#8221; pos_end=&#8221;2014&#8243; pos_start=&#8221;2008&#8243;][\/vc_position_single][\/vc_position][\/vc_column][\/vc_row][vc_row][vc_column][vc_title title=&#8221;Studia podyplomowe&#8221; title_tag=&#8221;title_h2&#8243;][vc_position el_class=&#8221;ul-dates-gray&#8221;][vc_position_single pos_title=&#8221;Doradztwo na rynku nieruchomo\u015bci&#8221; pos_start=&#8221;2019&#8243; pos_end=&#8221;Obecnie&#8221;][\/vc_position_single][vc_position_single pos_title=&#8221;Analysis of Financial Instruments&#8221; pos_start=&#8221;2014&#8243; pos_end=&#8221;Obecnie&#8221;][\/vc_position_single][vc_position_single pos_title=&#8221;Financial Market&#8221; pos_start=&#8221;2014&#8243; pos_end=&#8221;Obecnie&#8221;][\/vc_position_single][vc_position_single pos_title=&#8221;Rynki i instrumenty finansowe&#8221; pos_start=&#8221;2014&#8243; pos_end=&#8221;Obecnie&#8221;][\/vc_position_single][\/vc_position][\/vc_column][\/vc_row]<\/p>\n","protected":false},"excerpt":{"rendered":"<p>[vc_row][vc_column][vc_title title=&#8221;Dydaktyka&#8221; title_align=&#8221;text-left&#8221;][vc_column_text]Prowadz\u0119 zaj\u0119cia na Uniwersytecie Ekonomicznym we Wroc\u0142awiu od 2008 roku. Zaj\u0119cia przeprowadzane s\u0105 zar\u00f3wno w trybie stacjonarnym jak [&hellip;]<\/p>\n","protected":false},"author":1,"featured_media":0,"parent":0,"menu_order":3,"comment_status":"open","ping_status":"closed","template":"page-pagebuilder.php","meta":{"footnotes":""},"class_list":["post-25","page","type-page","status-publish","hentry"],"_links":{"self":[{"href":"https:\/\/anitamakowska.ue.wroc.pl\/index.php?rest_route=\/wp\/v2\/pages\/25","targetHints":{"allow":["GET"]}}],"collection":[{"href":"https:\/\/anitamakowska.ue.wroc.pl\/index.php?rest_route=\/wp\/v2\/pages"}],"about":[{"href":"https:\/\/anitamakowska.ue.wroc.pl\/index.php?rest_route=\/wp\/v2\/types\/page"}],"author":[{"embeddable":true,"href":"https:\/\/anitamakowska.ue.wroc.pl\/index.php?rest_route=\/wp\/v2\/users\/1"}],"replies":[{"embeddable":true,"href":"https:\/\/anitamakowska.ue.wroc.pl\/index.php?rest_route=%2Fwp%2Fv2%2Fcomments&post=25"}],"version-history":[{"count":17,"href":"https:\/\/anitamakowska.ue.wroc.pl\/index.php?rest_route=\/wp\/v2\/pages\/25\/revisions"}],"predecessor-version":[{"id":815,"href":"https:\/\/anitamakowska.ue.wroc.pl\/index.php?rest_route=\/wp\/v2\/pages\/25\/revisions\/815"}],"wp:attachment":[{"href":"https:\/\/anitamakowska.ue.wroc.pl\/index.php?rest_route=%2Fwp%2Fv2%2Fmedia&parent=25"}],"curies":[{"name":"wp","href":"https:\/\/api.w.org\/{rel}","templated":true}]}}